{"id":109,"date":"2023-08-08T12:01:00","date_gmt":"2023-08-08T12:01:00","guid":{"rendered":"https:\/\/factorybonaire.com\/?page_id=109"},"modified":"2026-04-01T10:48:50","modified_gmt":"2026-04-01T10:48:50","slug":"sobre-bonaire","status":"publish","type":"page","link":"https:\/\/factorybonaire.com\/en\/sobre-bonaire\/","title":{"rendered":"About Bonaire"},"content":{"rendered":"<p>[et_pb_section fb_built=\u00bb1&#8243; fullwidth=\u00bbon\u00bb _builder_version=\u00bb4.27.4&#8243; _module_preset=\u00bbdefault\u00bb background_image=\u00bbhttps:\/\/factorybonaire.com\/wp-content\/uploads\/2025\/02\/BANNER-SOBRE-FACTORY.jpg\u00bb height=\u00bb420px\u00bb height_tablet=\u00bb420px\u00bb height_phone=\u00bb420px\u00bb height_last_edited=\u00bbon|desktop\u00bb custom_margin=\u00bb-130px||||false|false\u00bb custom_margin_tablet=\u00bb-110px||||false|false\u00bb custom_margin_phone=\u00bb-100px||||false|false\u00bb custom_margin_last_edited=\u00bbon|tablet\u00bb global_colors_info=\u00bb{}\u00bb][et_pb_fullwidth_header title=\u00bbSOBRE FACTORY BONAIRE\u00bb text_orientation=\u00bbcenter\u00bb _builder_version=\u00bb4.24.2&#8243; _module_preset=\u00bbdefault\u00bb title_font=\u00bbBebas Neue|800|||||||\u00bb title_font_size=\u00bb110px\u00bb title_letter_spacing=\u00bb2px\u00bb background_enable_color=\u00bboff\u00bb height=\u00bb350px\u00bb height_tablet=\u00bb350px\u00bb height_phone=\u00bb350px\u00bb height_last_edited=\u00bbon|desktop\u00bb custom_margin=\u00bb||||false|false\u00bb custom_margin_tablet=\u00bb||||false|false\u00bb custom_margin_phone=\u00bb|||0px|false|false\u00bb custom_margin_last_edited=\u00bbon|phone\u00bb custom_padding=\u00bb129px||165px|0px|false|false\u00bb custom_padding_tablet=\u00bb165px||165px||true|false\u00bb custom_padding_phone=\u00bb120px||165px||false|false\u00bb custom_padding_last_edited=\u00bbon|phone\u00bb title_text_align_tablet=\u00bb\u00bb title_text_align_phone=\u00bbcenter\u00bb title_text_align_last_edited=\u00bbon|phone\u00bb title_font_size_tablet=\u00bb80px\u00bb title_font_size_phone=\u00bb50px\u00bb title_font_size_last_edited=\u00bbon|desktop\u00bb title_line_height_tablet=\u00bb\u00bb title_line_height_phone=\u00bb1.1em\u00bb title_line_height_last_edited=\u00bbon|desktop\u00bb global_colors_info=\u00bb{}\u00bb][\/et_pb_fullwidth_header][\/et_pb_section][et_pb_section fb_built=\u00bb1&#8243; _builder_version=\u00bb4.20.2&#8243; _module_preset=\u00bbdefault\u00bb global_colors_info=\u00bb{}\u00bb][et_pb_row _builder_version=\u00bb4.20.2&#8243; _module_preset=\u00bbdefault\u00bb global_colors_info=\u00bb{}\u00bb][et_pb_column type=\u00bb4_4&#8243; _builder_version=\u00bb4.20.2&#8243; _module_preset=\u00bbdefault\u00bb global_colors_info=\u00bb{}\u00bb][et_pb_text _builder_version=\u00bb4.27.5&#8243; _module_preset=\u00bbdefault\u00bb text_font=\u00bbMontserrat|500|||||||\u00bb text_font_size=\u00bb16px\u00bb header_font=\u00bbMontserrat|800|||||||\u00bb header_text_align=\u00bbcenter\u00bb header_font_size=\u00bb40px\u00bb header_6_font=\u00bbMontserrat|700|||||||\u00bb header_6_font_size=\u00bb16px\u00bb hover_enabled=\u00bb0&#8243; global_colors_info=\u00bb{}\u00bb sticky_enabled=\u00bb0&#8243;]<\/p>\n<h1 style=\"text-align: center;\"><strong>Factory Bonaire, tu \u00fanico outlet en Valencia<\/strong><\/h1>\n<h2><strong><\/strong><\/h2>\n<h2><strong><\/strong><\/h2>\n<h2><strong><\/strong><\/h2>\n<h2><strong><\/strong><\/h2>\n<h2 style=\"text-align: center;\"><strong>Marcas top a precio outlet durante todo el a\u00f1o<\/strong><\/h2>\n<p><span><\/span><\/p>\n<p><span><\/span><\/p>\n<p><span>Factory Bonaire es el \u00fanico centro outlet en Valencia, concebido como un espacio comercial al aire libre con arquitectura tipo \u201cvillage\u201d, que ofrece una experiencia de compra c\u00f3moda, accesible y sin prisas. Ubicado en Aldaia, dentro del principal eje comercial de Bonaire, cuenta con excelentes conexiones con la ciudad y se sit\u00faa a tan solo cinco kil\u00f3metros del aeropuerto, en un entorno dise\u00f1ado para todo tipo de visitantes.<\/span><\/p>\n<p><span>El centro re\u00fane una cuidada selecci\u00f3n de marcas reconocidas que ofrecen descuentos durante todo el a\u00f1o. En el \u00e1mbito deportivo, destacan firmas como Adidas, Nike, Puma, D\u00e9cimas, Tenth y Joma. En moda y lifestyle, la oferta se completa con ense\u00f1as como Fifty, Guess, Mango y Desigual, configurando un equilibrio entre tendencias actuales y b\u00e1sicos atemporales.<\/span><\/p>\n<p><span>Factory Bonaire propone una experiencia integral que combina compras, paseo y servicios complementarios. La oferta de restauraci\u00f3n incluye opciones como Burger King y Kiosko Express, facilitando una estancia completa y confortable para el visitante.<\/span><\/p>\n<p><span>Asimismo, el centro desarrolla de forma continua promociones y actividades a lo largo del a\u00f1o, que pueden consultarse en la web y redes sociales oficiales. Entre ellas, destaca el \u201cSuperjueves\u201d, una jornada mensual con condiciones comerciales especialmente ventajosas.<\/span><\/p>\n<p><span>Factory Bonaire se posiciona, en definitiva, como un referente outlet en Valencia, caracterizado por la calidad de su oferta comercial, su entorno abierto y una experiencia de compra orientada al valor.<\/span><\/p>\n<p><span>\u00a0<\/span><\/p>\n<p style=\"text-align: center;\"><span>\u00a1S\u00edguenos en redes!<\/span><\/p>\n<p>[\/et_pb_text][\/et_pb_column][\/et_pb_row][et_pb_row _builder_version=\u00bb4.27.5&#8243; _module_preset=\u00bbdefault\u00bb column_structure=\u00bb1_2,1_2&#8243; custom_margin=\u00bb-19px|auto||auto||\u00bb][et_pb_column _builder_version=\u00bb4.27.5&#8243; _module_preset=\u00bbdefault\u00bb type=\u00bb1_2&#8243;][et_pb_button button_text=\u00bbFacebook\u00bb _builder_version=\u00bb4.27.5&#8243; _module_preset=\u00bbdefault\u00bb custom_button=\u00bbon\u00bb button_icon=\u00bb&#xf39e;||fa||400&#8243; button_on_hover=\u00bboff\u00bb button_icon_placement=\u00bbleft\u00bb button_border_color=\u00bb#000000&#8243; button_text_color=\u00bb#000000&#8243; button_alignment=\u00bbright\u00bb hover_enabled=\u00bb0&#8243; sticky_enabled=\u00bb0&#8243; button_url=\u00bbhttps:\/\/www.facebook.com\/factorybonaire\/\u00bb url_new_window=\u00bbon\u00bb][\/et_pb_button][\/et_pb_column][et_pb_column _builder_version=\u00bb4.27.5&#8243; _module_preset=\u00bbdefault\u00bb type=\u00bb1_2&#8243;][et_pb_button button_text=\u00bbInstagram\u00bb _builder_version=\u00bb4.27.5&#8243; _module_preset=\u00bbdefault\u00bb custom_button=\u00bbon\u00bb button_icon=\u00bb&#xe09a;||divi||400&#8243; button_on_hover=\u00bboff\u00bb button_icon_placement=\u00bbleft\u00bb button_border_color=\u00bb#000000&#8243; button_text_color=\u00bb#000000&#8243; button_alignment=\u00bbleft\u00bb hover_enabled=\u00bb0&#8243; sticky_enabled=\u00bb0&#8243; button_url=\u00bbhttps:\/\/www.instagram.com\/factorybonaire\/\u00bb url_new_window=\u00bbon\u00bb][\/et_pb_button][\/et_pb_column][\/et_pb_row][\/et_pb_section][et_pb_section fb_built=\u00bb1&#8243; _builder_version=\u00bb4.19.5&#8243; _module_preset=\u00bbdefault\u00bb background_color=\u00bb#f7f7f7&#8243; global_colors_info=\u00bb{}\u00bb][et_pb_row _builder_version=\u00bb4.19.5&#8243; _module_preset=\u00bbdefault\u00bb max_width=\u00bb90%\u00bb global_colors_info=\u00bb{}\u00bb][et_pb_column type=\u00bb4_4&#8243; _builder_version=\u00bb4.19.5&#8243; _module_preset=\u00bbdefault\u00bb global_colors_info=\u00bb{}\u00bb][et_pb_toggle title=\u00bbHorarios\u00bb open=\u00bbon\u00bb icon_color=\u00bb#000000&#8243; toggle_icon=\u00bb&#xf067;||fa||900&#8243; use_icon_font_size=\u00bbon\u00bb icon_font_size=\u00bb30px\u00bb open_icon_color=\u00bbrgba(0,0,0,0.37)\u00bb open_toggle_icon=\u00bb&#xf068;||fa||900&#8243; open_use_icon_font_size=\u00bbon\u00bb open_icon_font_size=\u00bb30px\u00bb _builder_version=\u00bb4.27.4&#8243; _module_preset=\u00bbdefault\u00bb title_font=\u00bbMontserrat|700|||||||\u00bb title_text_align=\u00bbleft\u00bb title_font_size=\u00bb19px\u00bb closed_title_font=\u00bbMontserrat||||||||\u00bb body_font=\u00bbMontserrat|500|||||||\u00bb body_font_size=\u00bb16px\u00bb body_line_height=\u00bb1.8em\u00bb background_color=\u00bb#f7f7f7&#8243; border_width_all=\u00bb0px\u00bb global_colors_info=\u00bb{}\u00bb]<\/p>\n<p><strong>Tiendas:<\/strong><\/p>\n<p>De 10:00 a 22:00 h, de lunes a s\u00e1bados.<\/p>\n<p><strong>Restaurantes:<\/strong><\/p>\n<p>Burger King:<\/p>\n<p>Lunes a jueves de 11:30 a 23:30 h<\/p>\n<p>Viernes de 11:00 a 00:00 h<\/p>\n<p>S\u00e1bado 11:00 a 00:00 h<\/p>\n<p>Domingo de 12:00 a 23:30 h<\/p>\n<p><strong>Ocio:<\/strong><\/p>\n<p>Slot 49:<\/p>\n<p>De 17:00 a 21:00 h de lunes a viernes.<\/p>\n<p>De 10:00 a 21:00 h s\u00e1bados.<\/p>\n<p>[\/et_pb_toggle][et_pb_toggle title=\u00bbContacto\u00bb open=\u00bbon\u00bb icon_color=\u00bb#000000&#8243; toggle_icon=\u00bb&#xf067;||fa||900&#8243; use_icon_font_size=\u00bbon\u00bb icon_font_size=\u00bb30px\u00bb open_icon_color=\u00bbrgba(0,0,0,0.37)\u00bb open_toggle_icon=\u00bb&#xf068;||fa||900&#8243; open_use_icon_font_size=\u00bbon\u00bb open_icon_font_size=\u00bb30px\u00bb _builder_version=\u00bb4.27.4&#8243; _module_preset=\u00bbdefault\u00bb title_font=\u00bbMontserrat|700|||||||\u00bb title_text_align=\u00bbleft\u00bb title_font_size=\u00bb19px\u00bb closed_title_font=\u00bbMontserrat||||||||\u00bb body_font=\u00bbMontserrat|500|||||||\u00bb body_font_size=\u00bb16px\u00bb body_line_height=\u00bb1.8em\u00bb background_color=\u00bb#f7f7f7&#8243; border_width_all=\u00bb0px\u00bb global_colors_info=\u00bb{}\u00bb]<\/p>\n<p><span>Carretera A-3, Km. 345, 46960 Aldaia, Valencia, Espa\u00f1a<\/span><br \/><span>46960 Aldaia, VALENCIA<\/span><\/p>\n<p>Tel: <a _ngcontent-serverapp-c83=\"\" href=\"tel:961579485\">961579485<\/a><\/p>\n<p>E-mail: <a href=\"mailto:informacion@factorybonaire.com\">informacion@factorybonaire.com<\/a><\/p>\n<p>[\/et_pb_toggle][\/et_pb_column][\/et_pb_row][\/et_pb_section]<\/p>\n","protected":false},"excerpt":{"rendered":"<p>Factory Bonaire, tu \u00fanico outlet en Valencia Marcas top a precio outlet durante todo el a\u00f1o Factory Bonaire es el \u00fanico centro outlet en Valencia, concebido como un espacio comercial al aire libre con arquitectura tipo \u201cvillage\u201d, que ofrece una experiencia de compra c\u00f3moda, accesible y sin prisas. Ubicado en Aldaia, dentro del principal eje [&hellip;]<\/p>\n","protected":false},"author":1,"featured_media":0,"parent":0,"menu_order":0,"comment_status":"closed","ping_status":"closed","template":"","meta":{"_et_pb_use_builder":"on","_et_pb_old_content":"<!-- wp:divi\/placeholder \/-->","_et_gb_content_width":"","footnotes":""},"class_list":["post-109","page","type-page","status-publish","hentry"],"_links":{"self":[{"href":"https:\/\/factorybonaire.com\/en\/wp-json\/wp\/v2\/pages\/109","targetHints":{"allow":["GET"]}}],"collection":[{"href":"https:\/\/factorybonaire.com\/en\/wp-json\/wp\/v2\/pages"}],"about":[{"href":"https:\/\/factorybonaire.com\/en\/wp-json\/wp\/v2\/types\/page"}],"author":[{"embeddable":true,"href":"https:\/\/factorybonaire.com\/en\/wp-json\/wp\/v2\/users\/1"}],"replies":[{"embeddable":true,"href":"https:\/\/factorybonaire.com\/en\/wp-json\/wp\/v2\/comments?post=109"}],"version-history":[{"count":23,"href":"https:\/\/factorybonaire.com\/en\/wp-json\/wp\/v2\/pages\/109\/revisions"}],"predecessor-version":[{"id":1238,"href":"https:\/\/factorybonaire.com\/en\/wp-json\/wp\/v2\/pages\/109\/revisions\/1238"}],"wp:attachment":[{"href":"https:\/\/factorybonaire.com\/en\/wp-json\/wp\/v2\/media?parent=109"}],"curies":[{"name":"wp","href":"https:\/\/api.w.org\/{rel}","templated":true}]}}